{"id":281,"date":"2025-09-16T16:19:08","date_gmt":"2025-09-16T14:19:08","guid":{"rendered":"https:\/\/www.volamenavanilla.fr\/?post_type=product&#038;p=281"},"modified":"2025-11-23T08:10:02","modified_gmt":"2025-11-23T07:10:02","slug":"poivre-noir-de-madagascar","status":"publish","type":"product","link":"https:\/\/www.volamenavanilla.fr\/index.php\/produit\/poivre-noir-de-madagascar\/","title":{"rendered":"Poivre noir de Madagascar"},"content":{"rendered":"<p>Poivre noir de Madagascar<\/p>\n<p>Notre poivre noir est issu de notre plantation familiale \u00e0 Sambava, dans la r\u00e9gion Sava \u00e0 Madagascar.<\/p>\n<p>Tr\u00e8s parfum\u00e9, il est id\u00e9al pour assaisonner tout types de plats.<\/p>\n<p>Poids net : 40g<\/p>\n<p>A conserver \u00e0 temp\u00e9rature ambiante, \u00e0 l&rsquo;abris de la lumi\u00e8re et de l&rsquo;humidit\u00e9.<\/p>\n<p>&nbsp;<\/p>\n","protected":false},"excerpt":{"rendered":"<p>Poivre noir de Madagascar Notre poivre noir est issu de notre plantation familiale \u00e0 Sambava, dans la r\u00e9gion Sava \u00e0 Madagascar. Tr\u00e8s parfum\u00e9, il est id\u00e9al pour assaisonner tout types de plats. Poids net : 40g A conserver \u00e0 temp\u00e9rature ambiante, \u00e0 l&rsquo;abris de la lumi\u00e8re et de l&rsquo;humidit\u00e9. &nbsp;<\/p>\n","protected":false},"featured_media":282,"comment_status":"open","ping_status":"closed","template":"","meta":[],"product_brand":[],"product_cat":[15],"product_tag":[],"class_list":{"0":"post-281","1":"product","2":"type-product","3":"status-publish","4":"has-post-thumbnail","6":"product_cat-non-classe","8":"first","9":"instock","10":"shipping-taxable","11":"purchasable","12":"product-type-simple"},"yoast_head":"<!-- This site is optimized with the Yoast SEO plugin v27.4 - https:\/\/yoast.com\/product\/yoast-seo-wordpress\/ -->\n<title>Poivre noir de Madagascar - Volamena Vanilla<\/title>\n<meta name=\"robots\" content=\"index, follow, max-snippet:-1, max-image-preview:large, max-video-preview:-1\" \/>\n<link rel=\"canonical\" href=\"https:\/\/www.volamenavanilla.fr\/index.php\/produit\/poivre-noir-de-madagascar\/\" \/>\n<meta property=\"og:locale\" content=\"fr_FR\" \/>\n<meta property=\"og:type\" content=\"article\" \/>\n<meta property=\"og:title\" content=\"Poivre noir de Madagascar - Volamena Vanilla\" \/>\n<meta property=\"og:description\" content=\"Poivre noir de Madagascar Notre poivre noir est issu de notre plantation familiale \u00e0 Sambava, dans la r\u00e9gion Sava \u00e0 Madagascar. Tr\u00e8s parfum\u00e9, il est id\u00e9al pour assaisonner tout types de plats. Poids net : 40g A conserver \u00e0 temp\u00e9rature ambiante, \u00e0 l&rsquo;abris de la lumi\u00e8re et de l&rsquo;humidit\u00e9. &nbsp;\" \/>\n<meta property=\"og:url\" content=\"https:\/\/www.volamenavanilla.fr\/index.php\/produit\/poivre-noir-de-madagascar\/\" \/>\n<meta property=\"og:site_name\" content=\"Volamena Vanilla\" \/>\n<meta property=\"article:modified_time\" content=\"2025-11-23T07:10:02+00:00\" \/>\n<meta property=\"og:image\" content=\"https:\/\/www.volamenavanilla.fr\/wp-content\/uploads\/2025\/09\/Poivre-noir-rotated.jpg\" \/>\n\t<meta property=\"og:image:width\" content=\"1530\" \/>\n\t<meta property=\"og:image:height\" content=\"2040\" \/>\n\t<meta property=\"og:image:type\" content=\"image\/jpeg\" \/>\n<meta name=\"twitter:card\" content=\"summary_large_image\" \/>\n<script type=\"application\/ld+json\" class=\"yoast-schema-graph\">{\"@context\":\"https:\\\/\\\/schema.org\",\"@graph\":[{\"@type\":\"WebPage\",\"@id\":\"https:\\\/\\\/www.volamenavanilla.fr\\\/index.php\\\/produit\\\/poivre-noir-de-madagascar\\\/\",\"url\":\"https:\\\/\\\/www.volamenavanilla.fr\\\/index.php\\\/produit\\\/poivre-noir-de-madagascar\\\/\",\"name\":\"Poivre noir de Madagascar - Volamena Vanilla\",\"isPartOf\":{\"@id\":\"https:\\\/\\\/www.volamenavanilla.fr\\\/#website\"},\"primaryImageOfPage\":{\"@id\":\"https:\\\/\\\/www.volamenavanilla.fr\\\/index.php\\\/produit\\\/poivre-noir-de-madagascar\\\/#primaryimage\"},\"image\":{\"@id\":\"https:\\\/\\\/www.volamenavanilla.fr\\\/index.php\\\/produit\\\/poivre-noir-de-madagascar\\\/#primaryimage\"},\"thumbnailUrl\":\"https:\\\/\\\/www.volamenavanilla.fr\\\/wp-content\\\/uploads\\\/2025\\\/09\\\/Poivre-noir-rotated.jpg\",\"datePublished\":\"2025-09-16T14:19:08+00:00\",\"dateModified\":\"2025-11-23T07:10:02+00:00\",\"breadcrumb\":{\"@id\":\"https:\\\/\\\/www.volamenavanilla.fr\\\/index.php\\\/produit\\\/poivre-noir-de-madagascar\\\/#breadcrumb\"},\"inLanguage\":\"fr-FR\",\"potentialAction\":[{\"@type\":\"ReadAction\",\"target\":[\"https:\\\/\\\/www.volamenavanilla.fr\\\/index.php\\\/produit\\\/poivre-noir-de-madagascar\\\/\"]}]},{\"@type\":\"ImageObject\",\"inLanguage\":\"fr-FR\",\"@id\":\"https:\\\/\\\/www.volamenavanilla.fr\\\/index.php\\\/produit\\\/poivre-noir-de-madagascar\\\/#primaryimage\",\"url\":\"https:\\\/\\\/www.volamenavanilla.fr\\\/wp-content\\\/uploads\\\/2025\\\/09\\\/Poivre-noir-rotated.jpg\",\"contentUrl\":\"https:\\\/\\\/www.volamenavanilla.fr\\\/wp-content\\\/uploads\\\/2025\\\/09\\\/Poivre-noir-rotated.jpg\",\"width\":1530,\"height\":2040},{\"@type\":\"BreadcrumbList\",\"@id\":\"https:\\\/\\\/www.volamenavanilla.fr\\\/index.php\\\/produit\\\/poivre-noir-de-madagascar\\\/#breadcrumb\",\"itemListElement\":[{\"@type\":\"ListItem\",\"position\":1,\"name\":\"Accueil\",\"item\":\"https:\\\/\\\/www.volamenavanilla.fr\\\/\"},{\"@type\":\"ListItem\",\"position\":2,\"name\":\"Boutique\",\"item\":\"https:\\\/\\\/www.volamenavanilla.fr\\\/index.php\\\/boutique\\\/\"},{\"@type\":\"ListItem\",\"position\":3,\"name\":\"Poivre noir de Madagascar\"}]},{\"@type\":\"WebSite\",\"@id\":\"https:\\\/\\\/www.volamenavanilla.fr\\\/#website\",\"url\":\"https:\\\/\\\/www.volamenavanilla.fr\\\/\",\"name\":\"Volamena Vanilla\",\"description\":\"Vanille de Madagascar\",\"publisher\":{\"@id\":\"https:\\\/\\\/www.volamenavanilla.fr\\\/#organization\"},\"potentialAction\":[{\"@type\":\"SearchAction\",\"target\":{\"@type\":\"EntryPoint\",\"urlTemplate\":\"https:\\\/\\\/www.volamenavanilla.fr\\\/?s={search_term_string}\"},\"query-input\":{\"@type\":\"PropertyValueSpecification\",\"valueRequired\":true,\"valueName\":\"search_term_string\"}}],\"inLanguage\":\"fr-FR\"},{\"@type\":\"Organization\",\"@id\":\"https:\\\/\\\/www.volamenavanilla.fr\\\/#organization\",\"name\":\"Volamena Vanilla\",\"url\":\"https:\\\/\\\/www.volamenavanilla.fr\\\/\",\"logo\":{\"@type\":\"ImageObject\",\"inLanguage\":\"fr-FR\",\"@id\":\"https:\\\/\\\/www.volamenavanilla.fr\\\/#\\\/schema\\\/logo\\\/image\\\/\",\"url\":\"https:\\\/\\\/www.volamenavanilla.fr\\\/wp-content\\\/uploads\\\/2025\\\/05\\\/Design-sans-titre-2.png\",\"contentUrl\":\"https:\\\/\\\/www.volamenavanilla.fr\\\/wp-content\\\/uploads\\\/2025\\\/05\\\/Design-sans-titre-2.png\",\"width\":500,\"height\":500,\"caption\":\"Volamena Vanilla\"},\"image\":{\"@id\":\"https:\\\/\\\/www.volamenavanilla.fr\\\/#\\\/schema\\\/logo\\\/image\\\/\"}}]}<\/script>\n<!-- \/ Yoast SEO plugin. -->","yoast_head_json":{"title":"Poivre noir de Madagascar - Volamena Vanilla","robots":{"index":"index","follow":"follow","max-snippet":"max-snippet:-1","max-image-preview":"max-image-preview:large","max-video-preview":"max-video-preview:-1"},"canonical":"https:\/\/www.volamenavanilla.fr\/index.php\/produit\/poivre-noir-de-madagascar\/","og_locale":"fr_FR","og_type":"article","og_title":"Poivre noir de Madagascar - Volamena Vanilla","og_description":"Poivre noir de Madagascar Notre poivre noir est issu de notre plantation familiale \u00e0 Sambava, dans la r\u00e9gion Sava \u00e0 Madagascar. Tr\u00e8s parfum\u00e9, il est id\u00e9al pour assaisonner tout types de plats. Poids net : 40g A conserver \u00e0 temp\u00e9rature ambiante, \u00e0 l&rsquo;abris de la lumi\u00e8re et de l&rsquo;humidit\u00e9. &nbsp;","og_url":"https:\/\/www.volamenavanilla.fr\/index.php\/produit\/poivre-noir-de-madagascar\/","og_site_name":"Volamena Vanilla","article_modified_time":"2025-11-23T07:10:02+00:00","og_image":[{"width":1530,"height":2040,"url":"https:\/\/www.volamenavanilla.fr\/wp-content\/uploads\/2025\/09\/Poivre-noir-rotated.jpg","type":"image\/jpeg"}],"twitter_card":"summary_large_image","schema":{"@context":"https:\/\/schema.org","@graph":[{"@type":"WebPage","@id":"https:\/\/www.volamenavanilla.fr\/index.php\/produit\/poivre-noir-de-madagascar\/","url":"https:\/\/www.volamenavanilla.fr\/index.php\/produit\/poivre-noir-de-madagascar\/","name":"Poivre noir de Madagascar - Volamena Vanilla","isPartOf":{"@id":"https:\/\/www.volamenavanilla.fr\/#website"},"primaryImageOfPage":{"@id":"https:\/\/www.volamenavanilla.fr\/index.php\/produit\/poivre-noir-de-madagascar\/#primaryimage"},"image":{"@id":"https:\/\/www.volamenavanilla.fr\/index.php\/produit\/poivre-noir-de-madagascar\/#primaryimage"},"thumbnailUrl":"https:\/\/www.volamenavanilla.fr\/wp-content\/uploads\/2025\/09\/Poivre-noir-rotated.jpg","datePublished":"2025-09-16T14:19:08+00:00","dateModified":"2025-11-23T07:10:02+00:00","breadcrumb":{"@id":"https:\/\/www.volamenavanilla.fr\/index.php\/produit\/poivre-noir-de-madagascar\/#breadcrumb"},"inLanguage":"fr-FR","potentialAction":[{"@type":"ReadAction","target":["https:\/\/www.volamenavanilla.fr\/index.php\/produit\/poivre-noir-de-madagascar\/"]}]},{"@type":"ImageObject","inLanguage":"fr-FR","@id":"https:\/\/www.volamenavanilla.fr\/index.php\/produit\/poivre-noir-de-madagascar\/#primaryimage","url":"https:\/\/www.volamenavanilla.fr\/wp-content\/uploads\/2025\/09\/Poivre-noir-rotated.jpg","contentUrl":"https:\/\/www.volamenavanilla.fr\/wp-content\/uploads\/2025\/09\/Poivre-noir-rotated.jpg","width":1530,"height":2040},{"@type":"BreadcrumbList","@id":"https:\/\/www.volamenavanilla.fr\/index.php\/produit\/poivre-noir-de-madagascar\/#breadcrumb","itemListElement":[{"@type":"ListItem","position":1,"name":"Accueil","item":"https:\/\/www.volamenavanilla.fr\/"},{"@type":"ListItem","position":2,"name":"Boutique","item":"https:\/\/www.volamenavanilla.fr\/index.php\/boutique\/"},{"@type":"ListItem","position":3,"name":"Poivre noir de Madagascar"}]},{"@type":"WebSite","@id":"https:\/\/www.volamenavanilla.fr\/#website","url":"https:\/\/www.volamenavanilla.fr\/","name":"Volamena Vanilla","description":"Vanille de Madagascar","publisher":{"@id":"https:\/\/www.volamenavanilla.fr\/#organization"},"potentialAction":[{"@type":"SearchAction","target":{"@type":"EntryPoint","urlTemplate":"https:\/\/www.volamenavanilla.fr\/?s={search_term_string}"},"query-input":{"@type":"PropertyValueSpecification","valueRequired":true,"valueName":"search_term_string"}}],"inLanguage":"fr-FR"},{"@type":"Organization","@id":"https:\/\/www.volamenavanilla.fr\/#organization","name":"Volamena Vanilla","url":"https:\/\/www.volamenavanilla.fr\/","logo":{"@type":"ImageObject","inLanguage":"fr-FR","@id":"https:\/\/www.volamenavanilla.fr\/#\/schema\/logo\/image\/","url":"https:\/\/www.volamenavanilla.fr\/wp-content\/uploads\/2025\/05\/Design-sans-titre-2.png","contentUrl":"https:\/\/www.volamenavanilla.fr\/wp-content\/uploads\/2025\/05\/Design-sans-titre-2.png","width":500,"height":500,"caption":"Volamena Vanilla"},"image":{"@id":"https:\/\/www.volamenavanilla.fr\/#\/schema\/logo\/image\/"}}]}},"jetpack_sharing_enabled":true,"_links":{"self":[{"href":"https:\/\/www.volamenavanilla.fr\/index.php\/wp-json\/wp\/v2\/product\/281","targetHints":{"allow":["GET"]}}],"collection":[{"href":"https:\/\/www.volamenavanilla.fr\/index.php\/wp-json\/wp\/v2\/product"}],"about":[{"href":"https:\/\/www.volamenavanilla.fr\/index.php\/wp-json\/wp\/v2\/types\/product"}],"replies":[{"embeddable":true,"href":"https:\/\/www.volamenavanilla.fr\/index.php\/wp-json\/wp\/v2\/comments?post=281"}],"wp:featuredmedia":[{"embeddable":true,"href":"https:\/\/www.volamenavanilla.fr\/index.php\/wp-json\/wp\/v2\/media\/282"}],"wp:attachment":[{"href":"https:\/\/www.volamenavanilla.fr\/index.php\/wp-json\/wp\/v2\/media?parent=281"}],"wp:term":[{"taxonomy":"product_brand","embeddable":true,"href":"https:\/\/www.volamenavanilla.fr\/index.php\/wp-json\/wp\/v2\/product_brand?post=281"},{"taxonomy":"product_cat","embeddable":true,"href":"https:\/\/www.volamenavanilla.fr\/index.php\/wp-json\/wp\/v2\/product_cat?post=281"},{"taxonomy":"product_tag","embeddable":true,"href":"https:\/\/www.volamenavanilla.fr\/index.php\/wp-json\/wp\/v2\/product_tag?post=281"}],"curies":[{"name":"wp","href":"https:\/\/api.w.org\/{rel}","templated":true}]}}