{"id":278,"date":"2025-09-16T16:11:06","date_gmt":"2025-09-16T14:11:06","guid":{"rendered":"https:\/\/www.volamenavanilla.fr\/?post_type=product&#038;p=278"},"modified":"2025-11-23T08:11:08","modified_gmt":"2025-11-23T07:11:08","slug":"voatsiperifery-poivre-sauvage-de-madagascar","status":"publish","type":"product","link":"https:\/\/www.volamenavanilla.fr\/index.php\/produit\/voatsiperifery-poivre-sauvage-de-madagascar\/","title":{"rendered":"Voatsiperifery &#8211; poivre sauvage de Madagascar"},"content":{"rendered":"<p>Poivre sauvage de Madagascar<\/p>\n<p>Le poivre sauvage de Madagascar ou voatsiperifery est une vari\u00e9t\u00e9 de poivre rare end\u00e9mique de Madagascar poussant \u00e0 l&rsquo;\u00e9tat sauvage dans les for\u00eats tropicales de la c\u00f4te est de l&rsquo;\u00eele.<\/p>\n<p>Il poss\u00e8de un parfum distinct et plus fort que le poivre noir mais est parfois moins piquant que ce dernier.<\/p>\n<p>Le poivre sauvage s&rsquo;utilise en cuisine pour assaisonner toute sorte de plats comme le poivre noir. Personnellement j&rsquo;aime bien l&rsquo;utiliser dans les p\u00e2tes carbonara.<\/p>\n<p>Poids net 40g<\/p>\n<p>A conserver \u00e0 temp\u00e9rature ambiante, \u00e0 l&rsquo;abris de la lumi\u00e8re et de l&rsquo;humidit\u00e9.<\/p>\n","protected":false},"excerpt":{"rendered":"<p>Poivre sauvage de Madagascar Le poivre sauvage de Madagascar ou voatsiperifery est une vari\u00e9t\u00e9 de poivre rare end\u00e9mique de Madagascar poussant \u00e0 l&rsquo;\u00e9tat sauvage dans les for\u00eats tropicales de la c\u00f4te est de l&rsquo;\u00eele. Il poss\u00e8de un parfum distinct et plus fort que le poivre noir mais est parfois moins piquant que ce dernier. Le [&hellip;]<\/p>\n","protected":false},"featured_media":295,"comment_status":"open","ping_status":"closed","template":"","meta":[],"product_brand":[],"product_cat":[15],"product_tag":[],"class_list":{"0":"post-278","1":"product","2":"type-product","3":"status-publish","4":"has-post-thumbnail","6":"product_cat-non-classe","8":"first","9":"instock","10":"shipping-taxable","11":"purchasable","12":"product-type-simple"},"yoast_head":"<!-- This site is optimized with the Yoast SEO plugin v27.4 - https:\/\/yoast.com\/product\/yoast-seo-wordpress\/ -->\n<title>Voatsiperifery - poivre sauvage de Madagascar - Volamena Vanilla<\/title>\n<meta name=\"robots\" content=\"index, follow, max-snippet:-1, max-image-preview:large, max-video-preview:-1\" \/>\n<link rel=\"canonical\" href=\"https:\/\/www.volamenavanilla.fr\/index.php\/produit\/voatsiperifery-poivre-sauvage-de-madagascar\/\" \/>\n<meta property=\"og:locale\" content=\"fr_FR\" \/>\n<meta property=\"og:type\" content=\"article\" \/>\n<meta property=\"og:title\" content=\"Voatsiperifery - poivre sauvage de Madagascar - Volamena Vanilla\" \/>\n<meta property=\"og:description\" content=\"Poivre sauvage de Madagascar Le poivre sauvage de Madagascar ou voatsiperifery est une vari\u00e9t\u00e9 de poivre rare end\u00e9mique de Madagascar poussant \u00e0 l&rsquo;\u00e9tat sauvage dans les for\u00eats tropicales de la c\u00f4te est de l&rsquo;\u00eele. Il poss\u00e8de un parfum distinct et plus fort que le poivre noir mais est parfois moins piquant que ce dernier. Le [&hellip;]\" \/>\n<meta property=\"og:url\" content=\"https:\/\/www.volamenavanilla.fr\/index.php\/produit\/voatsiperifery-poivre-sauvage-de-madagascar\/\" \/>\n<meta property=\"og:site_name\" content=\"Volamena Vanilla\" \/>\n<meta property=\"article:modified_time\" content=\"2025-11-23T07:11:08+00:00\" \/>\n<meta property=\"og:image\" content=\"https:\/\/www.volamenavanilla.fr\/wp-content\/uploads\/2025\/09\/WhatsApp-Image-2025-10-21-a-16.22.48_739151db.jpg\" \/>\n\t<meta property=\"og:image:width\" content=\"1200\" \/>\n\t<meta property=\"og:image:height\" content=\"1600\" \/>\n\t<meta property=\"og:image:type\" content=\"image\/jpeg\" \/>\n<meta name=\"twitter:card\" content=\"summary_large_image\" \/>\n<meta name=\"twitter:label1\" content=\"Dur\u00e9e de lecture estim\u00e9e\" \/>\n\t<meta name=\"twitter:data1\" content=\"1 minute\" \/>\n<script type=\"application\/ld+json\" class=\"yoast-schema-graph\">{\"@context\":\"https:\\\/\\\/schema.org\",\"@graph\":[{\"@type\":\"WebPage\",\"@id\":\"https:\\\/\\\/www.volamenavanilla.fr\\\/index.php\\\/produit\\\/voatsiperifery-poivre-sauvage-de-madagascar\\\/\",\"url\":\"https:\\\/\\\/www.volamenavanilla.fr\\\/index.php\\\/produit\\\/voatsiperifery-poivre-sauvage-de-madagascar\\\/\",\"name\":\"Voatsiperifery - poivre sauvage de Madagascar - Volamena Vanilla\",\"isPartOf\":{\"@id\":\"https:\\\/\\\/www.volamenavanilla.fr\\\/#website\"},\"primaryImageOfPage\":{\"@id\":\"https:\\\/\\\/www.volamenavanilla.fr\\\/index.php\\\/produit\\\/voatsiperifery-poivre-sauvage-de-madagascar\\\/#primaryimage\"},\"image\":{\"@id\":\"https:\\\/\\\/www.volamenavanilla.fr\\\/index.php\\\/produit\\\/voatsiperifery-poivre-sauvage-de-madagascar\\\/#primaryimage\"},\"thumbnailUrl\":\"https:\\\/\\\/www.volamenavanilla.fr\\\/wp-content\\\/uploads\\\/2025\\\/09\\\/WhatsApp-Image-2025-10-21-a-16.22.48_739151db.jpg\",\"datePublished\":\"2025-09-16T14:11:06+00:00\",\"dateModified\":\"2025-11-23T07:11:08+00:00\",\"breadcrumb\":{\"@id\":\"https:\\\/\\\/www.volamenavanilla.fr\\\/index.php\\\/produit\\\/voatsiperifery-poivre-sauvage-de-madagascar\\\/#breadcrumb\"},\"inLanguage\":\"fr-FR\",\"potentialAction\":[{\"@type\":\"ReadAction\",\"target\":[\"https:\\\/\\\/www.volamenavanilla.fr\\\/index.php\\\/produit\\\/voatsiperifery-poivre-sauvage-de-madagascar\\\/\"]}]},{\"@type\":\"ImageObject\",\"inLanguage\":\"fr-FR\",\"@id\":\"https:\\\/\\\/www.volamenavanilla.fr\\\/index.php\\\/produit\\\/voatsiperifery-poivre-sauvage-de-madagascar\\\/#primaryimage\",\"url\":\"https:\\\/\\\/www.volamenavanilla.fr\\\/wp-content\\\/uploads\\\/2025\\\/09\\\/WhatsApp-Image-2025-10-21-a-16.22.48_739151db.jpg\",\"contentUrl\":\"https:\\\/\\\/www.volamenavanilla.fr\\\/wp-content\\\/uploads\\\/2025\\\/09\\\/WhatsApp-Image-2025-10-21-a-16.22.48_739151db.jpg\",\"width\":1200,\"height\":1600},{\"@type\":\"BreadcrumbList\",\"@id\":\"https:\\\/\\\/www.volamenavanilla.fr\\\/index.php\\\/produit\\\/voatsiperifery-poivre-sauvage-de-madagascar\\\/#breadcrumb\",\"itemListElement\":[{\"@type\":\"ListItem\",\"position\":1,\"name\":\"Accueil\",\"item\":\"https:\\\/\\\/www.volamenavanilla.fr\\\/\"},{\"@type\":\"ListItem\",\"position\":2,\"name\":\"Boutique\",\"item\":\"https:\\\/\\\/www.volamenavanilla.fr\\\/index.php\\\/boutique\\\/\"},{\"@type\":\"ListItem\",\"position\":3,\"name\":\"Voatsiperifery &#8211; poivre sauvage de Madagascar\"}]},{\"@type\":\"WebSite\",\"@id\":\"https:\\\/\\\/www.volamenavanilla.fr\\\/#website\",\"url\":\"https:\\\/\\\/www.volamenavanilla.fr\\\/\",\"name\":\"Volamena Vanilla\",\"description\":\"Vanille de Madagascar\",\"publisher\":{\"@id\":\"https:\\\/\\\/www.volamenavanilla.fr\\\/#organization\"},\"potentialAction\":[{\"@type\":\"SearchAction\",\"target\":{\"@type\":\"EntryPoint\",\"urlTemplate\":\"https:\\\/\\\/www.volamenavanilla.fr\\\/?s={search_term_string}\"},\"query-input\":{\"@type\":\"PropertyValueSpecification\",\"valueRequired\":true,\"valueName\":\"search_term_string\"}}],\"inLanguage\":\"fr-FR\"},{\"@type\":\"Organization\",\"@id\":\"https:\\\/\\\/www.volamenavanilla.fr\\\/#organization\",\"name\":\"Volamena Vanilla\",\"url\":\"https:\\\/\\\/www.volamenavanilla.fr\\\/\",\"logo\":{\"@type\":\"ImageObject\",\"inLanguage\":\"fr-FR\",\"@id\":\"https:\\\/\\\/www.volamenavanilla.fr\\\/#\\\/schema\\\/logo\\\/image\\\/\",\"url\":\"https:\\\/\\\/www.volamenavanilla.fr\\\/wp-content\\\/uploads\\\/2025\\\/05\\\/Design-sans-titre-2.png\",\"contentUrl\":\"https:\\\/\\\/www.volamenavanilla.fr\\\/wp-content\\\/uploads\\\/2025\\\/05\\\/Design-sans-titre-2.png\",\"width\":500,\"height\":500,\"caption\":\"Volamena Vanilla\"},\"image\":{\"@id\":\"https:\\\/\\\/www.volamenavanilla.fr\\\/#\\\/schema\\\/logo\\\/image\\\/\"}}]}<\/script>\n<!-- \/ Yoast SEO plugin. -->","yoast_head_json":{"title":"Voatsiperifery - poivre sauvage de Madagascar - Volamena Vanilla","robots":{"index":"index","follow":"follow","max-snippet":"max-snippet:-1","max-image-preview":"max-image-preview:large","max-video-preview":"max-video-preview:-1"},"canonical":"https:\/\/www.volamenavanilla.fr\/index.php\/produit\/voatsiperifery-poivre-sauvage-de-madagascar\/","og_locale":"fr_FR","og_type":"article","og_title":"Voatsiperifery - poivre sauvage de Madagascar - Volamena Vanilla","og_description":"Poivre sauvage de Madagascar Le poivre sauvage de Madagascar ou voatsiperifery est une vari\u00e9t\u00e9 de poivre rare end\u00e9mique de Madagascar poussant \u00e0 l&rsquo;\u00e9tat sauvage dans les for\u00eats tropicales de la c\u00f4te est de l&rsquo;\u00eele. Il poss\u00e8de un parfum distinct et plus fort que le poivre noir mais est parfois moins piquant que ce dernier. Le [&hellip;]","og_url":"https:\/\/www.volamenavanilla.fr\/index.php\/produit\/voatsiperifery-poivre-sauvage-de-madagascar\/","og_site_name":"Volamena Vanilla","article_modified_time":"2025-11-23T07:11:08+00:00","og_image":[{"width":1200,"height":1600,"url":"https:\/\/www.volamenavanilla.fr\/wp-content\/uploads\/2025\/09\/WhatsApp-Image-2025-10-21-a-16.22.48_739151db.jpg","type":"image\/jpeg"}],"twitter_card":"summary_large_image","twitter_misc":{"Dur\u00e9e de lecture estim\u00e9e":"1 minute"},"schema":{"@context":"https:\/\/schema.org","@graph":[{"@type":"WebPage","@id":"https:\/\/www.volamenavanilla.fr\/index.php\/produit\/voatsiperifery-poivre-sauvage-de-madagascar\/","url":"https:\/\/www.volamenavanilla.fr\/index.php\/produit\/voatsiperifery-poivre-sauvage-de-madagascar\/","name":"Voatsiperifery - poivre sauvage de Madagascar - Volamena Vanilla","isPartOf":{"@id":"https:\/\/www.volamenavanilla.fr\/#website"},"primaryImageOfPage":{"@id":"https:\/\/www.volamenavanilla.fr\/index.php\/produit\/voatsiperifery-poivre-sauvage-de-madagascar\/#primaryimage"},"image":{"@id":"https:\/\/www.volamenavanilla.fr\/index.php\/produit\/voatsiperifery-poivre-sauvage-de-madagascar\/#primaryimage"},"thumbnailUrl":"https:\/\/www.volamenavanilla.fr\/wp-content\/uploads\/2025\/09\/WhatsApp-Image-2025-10-21-a-16.22.48_739151db.jpg","datePublished":"2025-09-16T14:11:06+00:00","dateModified":"2025-11-23T07:11:08+00:00","breadcrumb":{"@id":"https:\/\/www.volamenavanilla.fr\/index.php\/produit\/voatsiperifery-poivre-sauvage-de-madagascar\/#breadcrumb"},"inLanguage":"fr-FR","potentialAction":[{"@type":"ReadAction","target":["https:\/\/www.volamenavanilla.fr\/index.php\/produit\/voatsiperifery-poivre-sauvage-de-madagascar\/"]}]},{"@type":"ImageObject","inLanguage":"fr-FR","@id":"https:\/\/www.volamenavanilla.fr\/index.php\/produit\/voatsiperifery-poivre-sauvage-de-madagascar\/#primaryimage","url":"https:\/\/www.volamenavanilla.fr\/wp-content\/uploads\/2025\/09\/WhatsApp-Image-2025-10-21-a-16.22.48_739151db.jpg","contentUrl":"https:\/\/www.volamenavanilla.fr\/wp-content\/uploads\/2025\/09\/WhatsApp-Image-2025-10-21-a-16.22.48_739151db.jpg","width":1200,"height":1600},{"@type":"BreadcrumbList","@id":"https:\/\/www.volamenavanilla.fr\/index.php\/produit\/voatsiperifery-poivre-sauvage-de-madagascar\/#breadcrumb","itemListElement":[{"@type":"ListItem","position":1,"name":"Accueil","item":"https:\/\/www.volamenavanilla.fr\/"},{"@type":"ListItem","position":2,"name":"Boutique","item":"https:\/\/www.volamenavanilla.fr\/index.php\/boutique\/"},{"@type":"ListItem","position":3,"name":"Voatsiperifery &#8211; poivre sauvage de Madagascar"}]},{"@type":"WebSite","@id":"https:\/\/www.volamenavanilla.fr\/#website","url":"https:\/\/www.volamenavanilla.fr\/","name":"Volamena Vanilla","description":"Vanille de Madagascar","publisher":{"@id":"https:\/\/www.volamenavanilla.fr\/#organization"},"potentialAction":[{"@type":"SearchAction","target":{"@type":"EntryPoint","urlTemplate":"https:\/\/www.volamenavanilla.fr\/?s={search_term_string}"},"query-input":{"@type":"PropertyValueSpecification","valueRequired":true,"valueName":"search_term_string"}}],"inLanguage":"fr-FR"},{"@type":"Organization","@id":"https:\/\/www.volamenavanilla.fr\/#organization","name":"Volamena Vanilla","url":"https:\/\/www.volamenavanilla.fr\/","logo":{"@type":"ImageObject","inLanguage":"fr-FR","@id":"https:\/\/www.volamenavanilla.fr\/#\/schema\/logo\/image\/","url":"https:\/\/www.volamenavanilla.fr\/wp-content\/uploads\/2025\/05\/Design-sans-titre-2.png","contentUrl":"https:\/\/www.volamenavanilla.fr\/wp-content\/uploads\/2025\/05\/Design-sans-titre-2.png","width":500,"height":500,"caption":"Volamena Vanilla"},"image":{"@id":"https:\/\/www.volamenavanilla.fr\/#\/schema\/logo\/image\/"}}]}},"jetpack_sharing_enabled":true,"_links":{"self":[{"href":"https:\/\/www.volamenavanilla.fr\/index.php\/wp-json\/wp\/v2\/product\/278","targetHints":{"allow":["GET"]}}],"collection":[{"href":"https:\/\/www.volamenavanilla.fr\/index.php\/wp-json\/wp\/v2\/product"}],"about":[{"href":"https:\/\/www.volamenavanilla.fr\/index.php\/wp-json\/wp\/v2\/types\/product"}],"replies":[{"embeddable":true,"href":"https:\/\/www.volamenavanilla.fr\/index.php\/wp-json\/wp\/v2\/comments?post=278"}],"wp:featuredmedia":[{"embeddable":true,"href":"https:\/\/www.volamenavanilla.fr\/index.php\/wp-json\/wp\/v2\/media\/295"}],"wp:attachment":[{"href":"https:\/\/www.volamenavanilla.fr\/index.php\/wp-json\/wp\/v2\/media?parent=278"}],"wp:term":[{"taxonomy":"product_brand","embeddable":true,"href":"https:\/\/www.volamenavanilla.fr\/index.php\/wp-json\/wp\/v2\/product_brand?post=278"},{"taxonomy":"product_cat","embeddable":true,"href":"https:\/\/www.volamenavanilla.fr\/index.php\/wp-json\/wp\/v2\/product_cat?post=278"},{"taxonomy":"product_tag","embeddable":true,"href":"https:\/\/www.volamenavanilla.fr\/index.php\/wp-json\/wp\/v2\/product_tag?post=278"}],"curies":[{"name":"wp","href":"https:\/\/api.w.org\/{rel}","templated":true}]}}