{"id":18,"date":"2025-05-18T17:35:40","date_gmt":"2025-05-18T15:35:40","guid":{"rendered":"https:\/\/www.volamenavanilla.fr\/?page_id=18"},"modified":"2025-05-18T17:35:40","modified_gmt":"2025-05-18T15:35:40","slug":"conditions-generales-de-vente","status":"publish","type":"page","link":"https:\/\/www.volamenavanilla.fr\/index.php\/conditions-generales-de-vente\/","title":{"rendered":"Conditions g\u00e9n\u00e9rales de vente"},"content":{"rendered":"\n<p><mark style=\"background-color:rgba(0, 0, 0, 0);color:#ffffff\" class=\"has-inline-color\"><strong>Informations g\u00e9n\u00e9rales sur l\u2019entreprise<\/strong><\/mark><\/p>\n\n\n\n<p>Volamena Vanilla \u2013 Entreprise Individuelle<br>Si\u00e8ge social : 4 place Jean Mermoz, 83470 Saint-Maximin-la-Sainte-Baume, France<br>SIRET : 941&nbsp;785&nbsp;941&nbsp;00019<br>Contact : victor.wojnowski@volamenavanilla.fr ou +33 6 31 56 86 61<\/p>\n\n\n\n<p><strong><mark style=\"background-color:rgba(0, 0, 0, 0);color:#ffffff\" class=\"has-inline-color\">Produits et services<\/mark><\/strong><\/p>\n\n\n\n<p>Gousses de vanille Bourbon de Madagascar qualit\u00e9 gourmet<\/p>\n\n\n\n<p><strong><mark style=\"background-color:rgba(0, 0, 0, 0);color:#ffffff\" class=\"has-inline-color\">Prix<\/mark><\/strong><\/p>\n\n\n\n<p>Les prix sont indiqu\u00e9s en [euros TTC\/HT] hors frais de livraison.<\/p>\n\n\n\n<p><strong><mark style=\"background-color:rgba(0, 0, 0, 0);color:#ffffff\" class=\"has-inline-color\">Commande<\/mark><\/strong><\/p>\n\n\n\n<p>Toute commande implique l\u2019acceptation des pr\u00e9sentes CGV.<\/p>\n\n\n\n<p><strong><mark style=\"background-color:rgba(0, 0, 0, 0);color:#ffffff\" class=\"has-inline-color\">Paiement<\/mark><\/strong><\/p>\n\n\n\n<p>Le paiement s\u2019effectue par virement bancaire par l&rsquo;interm\u00e9diaire de Stripe.<\/p>\n\n\n\n<p><strong><mark style=\"background-color:rgba(0, 0, 0, 0);color:#ffffff\" class=\"has-inline-color\">Livraison<\/mark><\/strong><\/p>\n\n\n\n<p>Toutes nos commandes sont exp\u00e9di\u00e9es via\u00a0<strong>La Poste<\/strong>. Le d\u00e9lai moyen de livraison est de\u00a0<strong>[2 \u00e0 5 jours ouvr\u00e9s]<\/strong>\u00a0en France m\u00e9tropolitaine, un d\u00e9lai plus long est \u00e0 pr\u00e9voir en Outre-mer ou \u00e0 l&rsquo;\u00e9tranger. Un lien de suivi vous est fourni d\u00e8s l\u2019exp\u00e9dition. Les frais de livraison sont \u00e0 la charge du client.<\/p>\n\n\n\n<p><strong><mark style=\"background-color:rgba(0, 0, 0, 0);color:#ffffff\" class=\"has-inline-color\">Droit de r\u00e9tractation<\/mark><\/strong><\/p>\n\n\n\n<p>Le client dispose d\u2019un d\u00e9lai de 14 jours pour exercer son droit de r\u00e9tractation.<\/p>\n\n\n\n<p><strong><mark style=\"background-color:rgba(0, 0, 0, 0);color:#ffffff\" class=\"has-inline-color\">Garanties<\/mark><\/strong><\/p>\n\n\n\n<p>Application des garanties l\u00e9gales de conformit\u00e9 et contre les vices cach\u00e9s.<\/p>\n\n\n\n<p><strong><mark style=\"background-color:rgba(0, 0, 0, 0);color:#ffffff\" class=\"has-inline-color\">Responsabilit\u00e9<\/mark><\/strong><\/p>\n\n\n\n<p>Volamena Vanilla s\u2019engage \u00e0 fournir des produits conformes \u00e0 la description indiqu\u00e9e sur le site, dans le respect des normes de qualit\u00e9 en vigueur. Toutefois, la responsabilit\u00e9 de Volamena Vanilla ne saurait \u00eatre engag\u00e9e en cas de mauvaise conservation des produits apr\u00e8s leur livraison, notamment en cas d\u2019exposition \u00e0 l\u2019humidit\u00e9, \u00e0 la chaleur ou \u00e0 la lumi\u00e8re.<\/p>\n\n\n\n<p>La soci\u00e9t\u00e9 d\u00e9cline \u00e9galement toute responsabilit\u00e9 en cas de retard, perte ou d\u00e9t\u00e9rioration du colis imputable au transporteur (La Poste) apr\u00e8s remise du colis. En cas de force majeure ou de circonstances ind\u00e9pendantes de sa volont\u00e9 (gr\u00e8ve, intemp\u00e9ries, perturbations logistiques\u2026), Volamena Vanilla ne pourra \u00eatre tenue responsable de l\u2019inex\u00e9cution partielle ou totale de la commande.<\/p>\n\n\n\n<p>En tout \u00e9tat de cause, la responsabilit\u00e9 de Volamena Vanilla est strictement limit\u00e9e au montant de la commande concern\u00e9e.<\/p>\n\n\n\n<p><strong><mark style=\"background-color:rgba(0, 0, 0, 0);color:#ffffff\" class=\"has-inline-color\">Donn\u00e9es personnelles<\/mark><\/strong><\/p>\n\n\n\n<p>Les informations personnelles collect\u00e9es sur ce site (nom, adresse, e-mail, t\u00e9l\u00e9phone, etc.) sont n\u00e9cessaires au traitement des commandes et \u00e0 la gestion de la relation client. Elles sont exclusivement utilis\u00e9es par Volamena Vanilla et ne sont en aucun cas c\u00e9d\u00e9es ou vendues \u00e0 des tiers.<\/p>\n\n\n\n<p>Conform\u00e9ment au R\u00e8glement G\u00e9n\u00e9ral sur la Protection des Donn\u00e9es (RGPD), vous disposez d\u2019un droit d\u2019acc\u00e8s, de rectification, d\u2019opposition, de limitation du traitement et de suppression de vos donn\u00e9es. Pour exercer ces droits, vous pouvez nous contacter \u00e0 l\u2019adresse suivante :&nbsp;<strong>victor.wojnowski@volamenavanilla.fr<\/strong><\/p>\n\n\n\n<p>Vos donn\u00e9es sont conserv\u00e9es pour la dur\u00e9e strictement n\u00e9cessaire \u00e0 la gestion de votre commande et au respect des obligations l\u00e9gales.<\/p>\n\n\n\n<p>En naviguant sur ce site, vous acceptez l\u2019utilisation de cookies \u00e0 des fins de fonctionnement et de statistiques. Vous pouvez g\u00e9rer vos pr\u00e9f\u00e9rences via les param\u00e8tres de votre navigateur.<\/p>\n\n\n\n<p><strong><mark style=\"background-color:rgba(0, 0, 0, 0);color:#ffffff\" class=\"has-inline-color\">Propri\u00e9t\u00e9 intellectuelle<\/mark><\/strong><\/p>\n\n\n\n<p>Tout contenu est prot\u00e9g\u00e9 par des droits d\u2019auteur.<\/p>\n\n\n\n<p><strong><mark style=\"background-color:rgba(0, 0, 0, 0);color:#ffffff\" class=\"has-inline-color\">R\u00e8glement des litiges<\/mark><\/strong><\/p>\n\n\n\n<p>En cas de litige, le client peut contacter un m\u00e9diateur ou saisir le tribunal comp\u00e9tent.<\/p>\n","protected":false},"excerpt":{"rendered":"<p>Informations g\u00e9n\u00e9rales sur l\u2019entreprise Volamena Vanilla \u2013 Entreprise IndividuelleSi\u00e8ge social : 4 place Jean Mermoz, 83470 Saint-Maximin-la-Sainte-Baume, FranceSIRET : 941&nbsp;785&nbsp;941&nbsp;00019Contact : victor.wojnowski@volamenavanilla.fr ou +33 6 31 56 86 61 Produits et services Gousses de vanille Bourbon de Madagascar qualit\u00e9 gourmet Prix Les prix sont indiqu\u00e9s en [euros TTC\/HT] hors frais de livraison. Commande Toute commande [&hellip;]<\/p>\n","protected":false},"author":1,"featured_media":0,"parent":0,"menu_order":0,"comment_status":"closed","ping_status":"closed","template":"","meta":{"footnotes":""},"class_list":["post-18","page","type-page","status-publish","hentry"],"yoast_head":"<!-- This site is optimized with the Yoast SEO plugin v27.4 - https:\/\/yoast.com\/product\/yoast-seo-wordpress\/ -->\n<title>Conditions g\u00e9n\u00e9rales de vente - Volamena Vanilla<\/title>\n<meta name=\"robots\" content=\"index, follow, max-snippet:-1, max-image-preview:large, max-video-preview:-1\" \/>\n<link rel=\"canonical\" href=\"https:\/\/www.volamenavanilla.fr\/index.php\/conditions-generales-de-vente\/\" \/>\n<meta property=\"og:locale\" content=\"fr_FR\" \/>\n<meta property=\"og:type\" content=\"article\" \/>\n<meta property=\"og:title\" content=\"Conditions g\u00e9n\u00e9rales de vente - Volamena Vanilla\" \/>\n<meta property=\"og:description\" content=\"Informations g\u00e9n\u00e9rales sur l\u2019entreprise Volamena Vanilla \u2013 Entreprise IndividuelleSi\u00e8ge social : 4 place Jean Mermoz, 83470 Saint-Maximin-la-Sainte-Baume, FranceSIRET : 941&nbsp;785&nbsp;941&nbsp;00019Contact : victor.wojnowski@volamenavanilla.fr ou +33 6 31 56 86 61 Produits et services Gousses de vanille Bourbon de Madagascar qualit\u00e9 gourmet Prix Les prix sont indiqu\u00e9s en [euros TTC\/HT] hors frais de livraison. Commande Toute commande [&hellip;]\" \/>\n<meta property=\"og:url\" content=\"https:\/\/www.volamenavanilla.fr\/index.php\/conditions-generales-de-vente\/\" \/>\n<meta property=\"og:site_name\" content=\"Volamena Vanilla\" \/>\n<meta name=\"twitter:card\" content=\"summary_large_image\" \/>\n<meta name=\"twitter:label1\" content=\"Dur\u00e9e de lecture estim\u00e9e\" \/>\n\t<meta name=\"twitter:data1\" content=\"3 minutes\" \/>\n<script type=\"application\/ld+json\" class=\"yoast-schema-graph\">{\"@context\":\"https:\\\/\\\/schema.org\",\"@graph\":[{\"@type\":\"WebPage\",\"@id\":\"https:\\\/\\\/www.volamenavanilla.fr\\\/index.php\\\/conditions-generales-de-vente\\\/\",\"url\":\"https:\\\/\\\/www.volamenavanilla.fr\\\/index.php\\\/conditions-generales-de-vente\\\/\",\"name\":\"Conditions g\u00e9n\u00e9rales de vente - Volamena Vanilla\",\"isPartOf\":{\"@id\":\"https:\\\/\\\/www.volamenavanilla.fr\\\/#website\"},\"datePublished\":\"2025-05-18T15:35:40+00:00\",\"breadcrumb\":{\"@id\":\"https:\\\/\\\/www.volamenavanilla.fr\\\/index.php\\\/conditions-generales-de-vente\\\/#breadcrumb\"},\"inLanguage\":\"fr-FR\",\"potentialAction\":[{\"@type\":\"ReadAction\",\"target\":[\"https:\\\/\\\/www.volamenavanilla.fr\\\/index.php\\\/conditions-generales-de-vente\\\/\"]}]},{\"@type\":\"BreadcrumbList\",\"@id\":\"https:\\\/\\\/www.volamenavanilla.fr\\\/index.php\\\/conditions-generales-de-vente\\\/#breadcrumb\",\"itemListElement\":[{\"@type\":\"ListItem\",\"position\":1,\"name\":\"Accueil\",\"item\":\"https:\\\/\\\/www.volamenavanilla.fr\\\/\"},{\"@type\":\"ListItem\",\"position\":2,\"name\":\"Conditions g\u00e9n\u00e9rales de vente\"}]},{\"@type\":\"WebSite\",\"@id\":\"https:\\\/\\\/www.volamenavanilla.fr\\\/#website\",\"url\":\"https:\\\/\\\/www.volamenavanilla.fr\\\/\",\"name\":\"Volamena Vanilla\",\"description\":\"Vanille de Madagascar\",\"publisher\":{\"@id\":\"https:\\\/\\\/www.volamenavanilla.fr\\\/#organization\"},\"potentialAction\":[{\"@type\":\"SearchAction\",\"target\":{\"@type\":\"EntryPoint\",\"urlTemplate\":\"https:\\\/\\\/www.volamenavanilla.fr\\\/?s={search_term_string}\"},\"query-input\":{\"@type\":\"PropertyValueSpecification\",\"valueRequired\":true,\"valueName\":\"search_term_string\"}}],\"inLanguage\":\"fr-FR\"},{\"@type\":\"Organization\",\"@id\":\"https:\\\/\\\/www.volamenavanilla.fr\\\/#organization\",\"name\":\"Volamena Vanilla\",\"url\":\"https:\\\/\\\/www.volamenavanilla.fr\\\/\",\"logo\":{\"@type\":\"ImageObject\",\"inLanguage\":\"fr-FR\",\"@id\":\"https:\\\/\\\/www.volamenavanilla.fr\\\/#\\\/schema\\\/logo\\\/image\\\/\",\"url\":\"https:\\\/\\\/www.volamenavanilla.fr\\\/wp-content\\\/uploads\\\/2025\\\/05\\\/Design-sans-titre-2.png\",\"contentUrl\":\"https:\\\/\\\/www.volamenavanilla.fr\\\/wp-content\\\/uploads\\\/2025\\\/05\\\/Design-sans-titre-2.png\",\"width\":500,\"height\":500,\"caption\":\"Volamena Vanilla\"},\"image\":{\"@id\":\"https:\\\/\\\/www.volamenavanilla.fr\\\/#\\\/schema\\\/logo\\\/image\\\/\"}}]}<\/script>\n<!-- \/ Yoast SEO plugin. -->","yoast_head_json":{"title":"Conditions g\u00e9n\u00e9rales de vente - Volamena Vanilla","robots":{"index":"index","follow":"follow","max-snippet":"max-snippet:-1","max-image-preview":"max-image-preview:large","max-video-preview":"max-video-preview:-1"},"canonical":"https:\/\/www.volamenavanilla.fr\/index.php\/conditions-generales-de-vente\/","og_locale":"fr_FR","og_type":"article","og_title":"Conditions g\u00e9n\u00e9rales de vente - Volamena Vanilla","og_description":"Informations g\u00e9n\u00e9rales sur l\u2019entreprise Volamena Vanilla \u2013 Entreprise IndividuelleSi\u00e8ge social : 4 place Jean Mermoz, 83470 Saint-Maximin-la-Sainte-Baume, FranceSIRET : 941&nbsp;785&nbsp;941&nbsp;00019Contact : victor.wojnowski@volamenavanilla.fr ou +33 6 31 56 86 61 Produits et services Gousses de vanille Bourbon de Madagascar qualit\u00e9 gourmet Prix Les prix sont indiqu\u00e9s en [euros TTC\/HT] hors frais de livraison. Commande Toute commande [&hellip;]","og_url":"https:\/\/www.volamenavanilla.fr\/index.php\/conditions-generales-de-vente\/","og_site_name":"Volamena Vanilla","twitter_card":"summary_large_image","twitter_misc":{"Dur\u00e9e de lecture estim\u00e9e":"3 minutes"},"schema":{"@context":"https:\/\/schema.org","@graph":[{"@type":"WebPage","@id":"https:\/\/www.volamenavanilla.fr\/index.php\/conditions-generales-de-vente\/","url":"https:\/\/www.volamenavanilla.fr\/index.php\/conditions-generales-de-vente\/","name":"Conditions g\u00e9n\u00e9rales de vente - Volamena Vanilla","isPartOf":{"@id":"https:\/\/www.volamenavanilla.fr\/#website"},"datePublished":"2025-05-18T15:35:40+00:00","breadcrumb":{"@id":"https:\/\/www.volamenavanilla.fr\/index.php\/conditions-generales-de-vente\/#breadcrumb"},"inLanguage":"fr-FR","potentialAction":[{"@type":"ReadAction","target":["https:\/\/www.volamenavanilla.fr\/index.php\/conditions-generales-de-vente\/"]}]},{"@type":"BreadcrumbList","@id":"https:\/\/www.volamenavanilla.fr\/index.php\/conditions-generales-de-vente\/#breadcrumb","itemListElement":[{"@type":"ListItem","position":1,"name":"Accueil","item":"https:\/\/www.volamenavanilla.fr\/"},{"@type":"ListItem","position":2,"name":"Conditions g\u00e9n\u00e9rales de vente"}]},{"@type":"WebSite","@id":"https:\/\/www.volamenavanilla.fr\/#website","url":"https:\/\/www.volamenavanilla.fr\/","name":"Volamena Vanilla","description":"Vanille de Madagascar","publisher":{"@id":"https:\/\/www.volamenavanilla.fr\/#organization"},"potentialAction":[{"@type":"SearchAction","target":{"@type":"EntryPoint","urlTemplate":"https:\/\/www.volamenavanilla.fr\/?s={search_term_string}"},"query-input":{"@type":"PropertyValueSpecification","valueRequired":true,"valueName":"search_term_string"}}],"inLanguage":"fr-FR"},{"@type":"Organization","@id":"https:\/\/www.volamenavanilla.fr\/#organization","name":"Volamena Vanilla","url":"https:\/\/www.volamenavanilla.fr\/","logo":{"@type":"ImageObject","inLanguage":"fr-FR","@id":"https:\/\/www.volamenavanilla.fr\/#\/schema\/logo\/image\/","url":"https:\/\/www.volamenavanilla.fr\/wp-content\/uploads\/2025\/05\/Design-sans-titre-2.png","contentUrl":"https:\/\/www.volamenavanilla.fr\/wp-content\/uploads\/2025\/05\/Design-sans-titre-2.png","width":500,"height":500,"caption":"Volamena Vanilla"},"image":{"@id":"https:\/\/www.volamenavanilla.fr\/#\/schema\/logo\/image\/"}}]}},"jetpack_sharing_enabled":true,"amp_enabled":true,"_links":{"self":[{"href":"https:\/\/www.volamenavanilla.fr\/index.php\/wp-json\/wp\/v2\/pages\/18","targetHints":{"allow":["GET"]}}],"collection":[{"href":"https:\/\/www.volamenavanilla.fr\/index.php\/wp-json\/wp\/v2\/pages"}],"about":[{"href":"https:\/\/www.volamenavanilla.fr\/index.php\/wp-json\/wp\/v2\/types\/page"}],"author":[{"embeddable":true,"href":"https:\/\/www.volamenavanilla.fr\/index.php\/wp-json\/wp\/v2\/users\/1"}],"replies":[{"embeddable":true,"href":"https:\/\/www.volamenavanilla.fr\/index.php\/wp-json\/wp\/v2\/comments?post=18"}],"version-history":[{"count":1,"href":"https:\/\/www.volamenavanilla.fr\/index.php\/wp-json\/wp\/v2\/pages\/18\/revisions"}],"predecessor-version":[{"id":83,"href":"https:\/\/www.volamenavanilla.fr\/index.php\/wp-json\/wp\/v2\/pages\/18\/revisions\/83"}],"wp:attachment":[{"href":"https:\/\/www.volamenavanilla.fr\/index.php\/wp-json\/wp\/v2\/media?parent=18"}],"curies":[{"name":"wp","href":"https:\/\/api.w.org\/{rel}","templated":true}]}}