{"id":15,"date":"2025-05-18T16:56:51","date_gmt":"2025-05-18T14:56:51","guid":{"rendered":"https:\/\/www.volamenavanilla.fr\/?page_id=15"},"modified":"2026-03-27T15:24:01","modified_gmt":"2026-03-27T14:24:01","slug":"la-vanille-bourbon","status":"publish","type":"page","link":"https:\/\/www.volamenavanilla.fr\/index.php\/la-vanille-bourbon\/","title":{"rendered":"La vanille Bourbon"},"content":{"rendered":"\n<div class=\"wp-block-cover alignfull has-parallax\" style=\"min-height:100vh;aspect-ratio:unset;\"><div class=\"wp-block-cover__image-background wp-image-366 size-large has-parallax\" style=\"background-position:50% 50%;background-image:url(https:\/\/www.volamenavanilla.fr\/wp-content\/uploads\/2026\/03\/WhatsApp-Image-2026-03-27-at-15.09.51-1024x768.jpeg)\"><\/div><span aria-hidden=\"true\" class=\"wp-block-cover__background has-background-dim-40 has-background-dim\" style=\"background-color:#000000\"><\/span><div class=\"wp-block-cover__inner-container is-layout-flow wp-block-cover-is-layout-flow\">\n<div class=\"wp-block-columns alignwide is-layout-flex wp-container-core-columns-is-layout-28f84493 wp-block-columns-is-layout-flex\">\n<div class=\"wp-block-column is-layout-flow wp-block-column-is-layout-flow\" style=\"flex-basis:60%\"><\/div>\n\n\n\n<div class=\"wp-block-column is-layout-flow wp-block-column-is-layout-flow\"><\/div>\n<\/div>\n<\/div><\/div>\n\n\n\n<div class=\"wp-block-group alignfull is-content-justification-center is-layout-constrained wp-container-core-group-is-layout-df757ecc wp-block-group-is-layout-constrained\" style=\"margin-top:0;margin-bottom:0;padding-top:calc( 0.5 * var(--wp--style--root--padding-right, var(--wp--custom--gap--horizontal)));padding-right:var(--wp--style--root--padding-right, var(--wp--custom--gap--horizontal));padding-bottom:calc( 0.5 * var(--wp--style--root--padding-right, var(--wp--custom--gap--horizontal)));padding-left:var(--wp--style--root--padding-left, var(--wp--custom--gap--horizontal))\">\n<div style=\"height:calc( 0.25 * var(--wp--style--root--padding-right, var(--wp--custom--gap--horizontal)))\" aria-hidden=\"true\" class=\"wp-block-spacer\"><\/div>\n\n\n\n<div class=\"wp-block-columns alignwide are-vertically-aligned-center is-layout-flex wp-container-core-columns-is-layout-7fc3d43a wp-block-columns-is-layout-flex\">\n<div class=\"wp-block-column is-vertically-aligned-center is-layout-flow wp-block-column-is-layout-flow\">\n<figure class=\"wp-block-image size-full\"><img loading=\"lazy\" decoding=\"async\" width=\"736\" height=\"1154\" src=\"https:\/\/www.volamenavanilla.fr\/wp-content\/uploads\/2025\/11\/WhatsApp-Image-2025-11-10-a-13.00.07_c724e511-1.jpg\" alt=\"\" class=\"wp-image-298\" style=\"aspect-ratio:1;object-fit:cover\" srcset=\"https:\/\/www.volamenavanilla.fr\/wp-content\/uploads\/2025\/11\/WhatsApp-Image-2025-11-10-a-13.00.07_c724e511-1.jpg 736w, https:\/\/www.volamenavanilla.fr\/wp-content\/uploads\/2025\/11\/WhatsApp-Image-2025-11-10-a-13.00.07_c724e511-1-191x300.jpg 191w, https:\/\/www.volamenavanilla.fr\/wp-content\/uploads\/2025\/11\/WhatsApp-Image-2025-11-10-a-13.00.07_c724e511-1-653x1024.jpg 653w, https:\/\/www.volamenavanilla.fr\/wp-content\/uploads\/2025\/11\/WhatsApp-Image-2025-11-10-a-13.00.07_c724e511-1-600x941.jpg 600w\" sizes=\"auto, (max-width: 736px) 100vw, 736px\" \/><\/figure>\n<\/div>\n\n\n\n<div class=\"wp-block-column is-vertically-aligned-center is-layout-flow wp-block-column-is-layout-flow\">\n<h2 class=\"wp-block-heading alignwide\">Une origine mexicaine<\/h2>\n\n\n\n<p><br>Le vanillier est une liane originaire du Mexique produisant des fleurs de la famille des orchid\u00e9es. Elle fut introduite par les Azt\u00e8ques aux conquistadors espagnols au d\u00e9but du XVI\u00e8 si\u00e8cle. Ces derniers ayant ador\u00e9 la boisson \u00e0 base de cacao et de vanille offerte par les Azt\u00e8ques, ont donc d\u00e9cid\u00e9 de rapporter ces deux mets en Europe. Les monarques europ\u00e9ens tout aussi friands de cette vanille d\u00e9cid\u00e8rent de la cultiver dans leurs colonies, cependant les boutures de vanillier ne donnaient pas de fruits hors du Mexique car seulement une esp\u00e8ce end\u00e9mique d\u2019abeille \u00e9tait capable de polliniser la fleur de vanillier.<\/p>\n\n\n\n<div class=\"wp-block-buttons is-layout-flex wp-block-buttons-is-layout-flex\"><\/div>\n<\/div>\n<\/div>\n\n\n\n<div style=\"height:calc( 0.25 * var(--wp--style--root--padding-right, var(--wp--custom--gap--horizontal)))\" aria-hidden=\"true\" class=\"wp-block-spacer\"><\/div>\n<\/div>\n\n\n\n<div class=\"wp-block-group alignfull is-content-justification-center is-layout-constrained wp-container-core-group-is-layout-df757ecc wp-block-group-is-layout-constrained\" style=\"margin-top:0;margin-bottom:0;padding-top:calc( 0.5 * var(--wp--style--root--padding-right, var(--wp--custom--gap--horizontal)));padding-right:var(--wp--style--root--padding-right, var(--wp--custom--gap--horizontal));padding-bottom:calc( 0.5 * var(--wp--style--root--padding-right, var(--wp--custom--gap--horizontal)));padding-left:var(--wp--style--root--padding-left, var(--wp--custom--gap--horizontal))\">\n<div style=\"height:calc( 0.25 * var(--wp--style--root--padding-right, var(--wp--custom--gap--horizontal)))\" aria-hidden=\"true\" class=\"wp-block-spacer\"><\/div>\n\n\n\n<div class=\"wp-block-columns alignwide are-vertically-aligned-center is-layout-flex wp-container-core-columns-is-layout-7fc3d43a wp-block-columns-is-layout-flex\">\n<div class=\"wp-block-column is-vertically-aligned-center is-layout-flow wp-block-column-is-layout-flow\">\n<figure class=\"wp-block-image size-full\"><img loading=\"lazy\" decoding=\"async\" width=\"1200\" height=\"1600\" src=\"https:\/\/www.volamenavanilla.fr\/wp-content\/uploads\/2026\/03\/WhatsApp-Image-2026-03-27-at-15.09.52.jpeg\" alt=\"\" class=\"wp-image-367\" style=\"aspect-ratio:1;object-fit:cover\" srcset=\"https:\/\/www.volamenavanilla.fr\/wp-content\/uploads\/2026\/03\/WhatsApp-Image-2026-03-27-at-15.09.52.jpeg 1200w, https:\/\/www.volamenavanilla.fr\/wp-content\/uploads\/2026\/03\/WhatsApp-Image-2026-03-27-at-15.09.52-225x300.jpeg 225w, https:\/\/www.volamenavanilla.fr\/wp-content\/uploads\/2026\/03\/WhatsApp-Image-2026-03-27-at-15.09.52-768x1024.jpeg 768w, https:\/\/www.volamenavanilla.fr\/wp-content\/uploads\/2026\/03\/WhatsApp-Image-2026-03-27-at-15.09.52-1152x1536.jpeg 1152w, https:\/\/www.volamenavanilla.fr\/wp-content\/uploads\/2026\/03\/WhatsApp-Image-2026-03-27-at-15.09.52-600x800.jpeg 600w\" sizes=\"auto, (max-width: 1200px) 100vw, 1200px\" \/><\/figure>\n<\/div>\n\n\n\n<div class=\"wp-block-column is-vertically-aligned-center is-layout-flow wp-block-column-is-layout-flow\">\n<h2 class=\"wp-block-heading alignwide\">Le d\u00e9veloppement de la culture de la vanille<\/h2>\n\n\n\n<p><br>N\u00e9anmoins un miracle se produisit en 1841 lorsque Edmond Albius alors esclave sur l\u2019\u00eele Bourbon (\u00eele de la R\u00e9union) r\u00e9ussit \u00e0 polliniser manuellement des fleurs de vanillier. Les Fran\u00e7ais ont r\u00e9ussit gr\u00e2ce \u00e0 lui \u00e0 ma\u00eetriser la culture de la vanille et l\u2019ont d\u00e9velopp\u00e9 aux Comores, en Polyn\u00e9sie et \u00e0 Madagascar \u00e0 partir des ann\u00e9es 1880. Les premi\u00e8res plantations \u00e0 Madagascar virent le jour \u00e0 Nosy Be puis d\u2019autres se sont d\u00e9velopp\u00e9es dans la r\u00e9gion Sava autour des villes de Sambava, Andapa, Voh\u00e9mar et Antalaha. La Sava gr\u00e2ce \u00e0 son climat tropical, ses reliefs et son sol tr\u00e8s fertile a permis aux plantations de vanille de prosp\u00e9rer. Aujourd\u2019hui la r\u00e9gion Sava produit pr\u00e8s de 80% de la vanille du monde avec une qualit\u00e9 in\u00e9galable.<\/p>\n\n\n\n<div class=\"wp-block-buttons is-layout-flex wp-block-buttons-is-layout-flex\"><\/div>\n<\/div>\n<\/div>\n\n\n\n<div style=\"height:calc( 0.25 * var(--wp--style--root--padding-right, var(--wp--custom--gap--horizontal)))\" aria-hidden=\"true\" class=\"wp-block-spacer\"><\/div>\n<\/div>\n\n\n\n<div class=\"wp-block-group alignfull is-content-justification-center is-layout-constrained wp-container-core-group-is-layout-df757ecc wp-block-group-is-layout-constrained\" style=\"margin-top:0;margin-bottom:0;padding-top:calc( 0.5 * var(--wp--style--root--padding-right, var(--wp--custom--gap--horizontal)));padding-right:var(--wp--style--root--padding-right, var(--wp--custom--gap--horizontal));padding-bottom:calc( 0.5 * var(--wp--style--root--padding-right, var(--wp--custom--gap--horizontal)));padding-left:var(--wp--style--root--padding-left, var(--wp--custom--gap--horizontal))\">\n<div style=\"height:calc( 0.25 * var(--wp--style--root--padding-right, var(--wp--custom--gap--horizontal)))\" aria-hidden=\"true\" class=\"wp-block-spacer\"><\/div>\n\n\n\n<div class=\"wp-block-columns alignwide are-vertically-aligned-center is-layout-flex wp-container-core-columns-is-layout-7fc3d43a wp-block-columns-is-layout-flex\">\n<div class=\"wp-block-column is-vertically-aligned-center is-layout-flow wp-block-column-is-layout-flow\">\n<figure class=\"wp-block-image size-full\"><img loading=\"lazy\" decoding=\"async\" width=\"1200\" height=\"1600\" src=\"https:\/\/www.volamenavanilla.fr\/wp-content\/uploads\/2026\/03\/WhatsApp-Image-2026-03-27-at-15.09.50.jpeg\" alt=\"\" class=\"wp-image-368\" style=\"aspect-ratio:1;object-fit:cover\" srcset=\"https:\/\/www.volamenavanilla.fr\/wp-content\/uploads\/2026\/03\/WhatsApp-Image-2026-03-27-at-15.09.50.jpeg 1200w, https:\/\/www.volamenavanilla.fr\/wp-content\/uploads\/2026\/03\/WhatsApp-Image-2026-03-27-at-15.09.50-225x300.jpeg 225w, https:\/\/www.volamenavanilla.fr\/wp-content\/uploads\/2026\/03\/WhatsApp-Image-2026-03-27-at-15.09.50-768x1024.jpeg 768w, https:\/\/www.volamenavanilla.fr\/wp-content\/uploads\/2026\/03\/WhatsApp-Image-2026-03-27-at-15.09.50-1152x1536.jpeg 1152w, https:\/\/www.volamenavanilla.fr\/wp-content\/uploads\/2026\/03\/WhatsApp-Image-2026-03-27-at-15.09.50-600x800.jpeg 600w\" sizes=\"auto, (max-width: 1200px) 100vw, 1200px\" \/><\/figure>\n<\/div>\n\n\n\n<div class=\"wp-block-column is-vertically-aligned-center is-layout-flow wp-block-column-is-layout-flow\">\n<h2 class=\"wp-block-heading alignwide\">De la fleur \u00e0 la gousse<\/h2>\n\n\n\n<p><br>\u00c0 Madagascar, les vanilliers fleurissent entre mai et ao\u00fbt puis il faut attendre neuf mois apr\u00e8s la pollinisation pour obtenir des fruits pr\u00eats \u00e0 \u00eatre cueillis. On peut cueillir les fruits verts ou bien m\u00fbrs avant de les pr\u00e9parer. Les fruits bien m\u00fbrs d\u00e9gageant une forte odeur de vanille \u00e0 au moins cinq m\u00e8tres de distance produiront les meilleures gousses. Les fruits sont ensuite \u00e9chaud\u00e9s dans une eau \u00e0 70\u00b0C jusqu\u2019\u00e0 obtention de leur fameuse couleur noire ou brune. Apr\u00e8s cette \u00e9tape, les gousses alterneront entre s\u00e9chage au soleil et \u00e0 l\u2019ombre pendant une p\u00e9riode allant jusqu\u2019\u00e0 neufs mois jusqu\u2019\u00e0 ce que les gousses atteignent un taux d\u2019humidit\u00e9 autour de 20% \u00e0 30%.<\/p>\n\n\n\n<div class=\"wp-block-buttons is-layout-flex wp-block-buttons-is-layout-flex\"><\/div>\n<\/div>\n<\/div>\n\n\n\n<div style=\"height:calc( 0.25 * var(--wp--style--root--padding-right, var(--wp--custom--gap--horizontal)))\" aria-hidden=\"true\" class=\"wp-block-spacer\"><\/div>\n<\/div>\n\n\n\n<div class=\"wp-block-group alignfull is-content-justification-center is-layout-constrained wp-container-core-group-is-layout-df757ecc wp-block-group-is-layout-constrained\" style=\"margin-top:0;margin-bottom:0;padding-top:calc( 0.5 * var(--wp--style--root--padding-right, var(--wp--custom--gap--horizontal)));padding-right:var(--wp--style--root--padding-right, var(--wp--custom--gap--horizontal));padding-bottom:calc( 0.5 * var(--wp--style--root--padding-right, var(--wp--custom--gap--horizontal)));padding-left:var(--wp--style--root--padding-left, var(--wp--custom--gap--horizontal))\">\n<div style=\"height:calc( 0.25 * var(--wp--style--root--padding-right, var(--wp--custom--gap--horizontal)))\" aria-hidden=\"true\" class=\"wp-block-spacer\"><\/div>\n\n\n\n<div class=\"wp-block-columns alignwide are-vertically-aligned-center is-layout-flex wp-container-core-columns-is-layout-7fc3d43a wp-block-columns-is-layout-flex\">\n<div class=\"wp-block-column is-vertically-aligned-center is-layout-flow wp-block-column-is-layout-flow\">\n<figure class=\"wp-block-image size-full\"><img loading=\"lazy\" decoding=\"async\" width=\"1280\" height=\"960\" src=\"https:\/\/www.volamenavanilla.fr\/wp-content\/uploads\/2025\/05\/WhatsApp-Image-2025-01-31-a-21.10.54_e11c97c5.jpg\" alt=\"\" class=\"wp-image-68\" style=\"aspect-ratio:1;object-fit:cover\" srcset=\"https:\/\/www.volamenavanilla.fr\/wp-content\/uploads\/2025\/05\/WhatsApp-Image-2025-01-31-a-21.10.54_e11c97c5.jpg 1280w, https:\/\/www.volamenavanilla.fr\/wp-content\/uploads\/2025\/05\/WhatsApp-Image-2025-01-31-a-21.10.54_e11c97c5-300x225.jpg 300w, https:\/\/www.volamenavanilla.fr\/wp-content\/uploads\/2025\/05\/WhatsApp-Image-2025-01-31-a-21.10.54_e11c97c5-1024x768.jpg 1024w, https:\/\/www.volamenavanilla.fr\/wp-content\/uploads\/2025\/05\/WhatsApp-Image-2025-01-31-a-21.10.54_e11c97c5-768x576.jpg 768w, https:\/\/www.volamenavanilla.fr\/wp-content\/uploads\/2025\/05\/WhatsApp-Image-2025-01-31-a-21.10.54_e11c97c5-600x450.jpg 600w\" sizes=\"auto, (max-width: 1280px) 100vw, 1280px\" \/><\/figure>\n<\/div>\n\n\n\n<div class=\"wp-block-column is-vertically-aligned-center is-layout-flow wp-block-column-is-layout-flow\">\n<h2 class=\"wp-block-heading alignwide\">Des gousses parfaites<\/h2>\n\n\n\n<p><br>C\u2019est apr\u00e8s toutes ces longues \u00e9tapes que la vanille est enfin pr\u00eate \u00e0 \u00eatre utilis\u00e9e pour sublimer vos cr\u00e9ation. Vous pouvez l\u2019incorporer dans vos desserts ou bien m\u00eame dans vos plats sal\u00e9s si vous en avez l\u2019inspiration. \u00c0 vous les fourneaux ! <\/p>\n\n\n\n<div class=\"wp-block-buttons is-layout-flex wp-block-buttons-is-layout-flex\">\n<div class=\"wp-block-button\"><a class=\"wp-block-button__link has-background wp-element-button\" href=\"https:\/\/www.volamenavanilla.fr\/index.php\/boutique\/\" style=\"background-color:#2f2f2f\">Acheter de la vanille<\/a><\/div>\n<\/div>\n<\/div>\n<\/div>\n\n\n\n<div style=\"height:calc( 0.25 * var(--wp--style--root--padding-right, var(--wp--custom--gap--horizontal)))\" aria-hidden=\"true\" class=\"wp-block-spacer\"><\/div>\n<\/div>\n","protected":false},"excerpt":{"rendered":"<p>Une origine mexicaine Le vanillier est une liane originaire du Mexique produisant des fleurs de la famille des orchid\u00e9es. Elle fut introduite par les Azt\u00e8ques aux conquistadors espagnols au d\u00e9but du XVI\u00e8 si\u00e8cle. Ces derniers ayant ador\u00e9 la boisson \u00e0 base de cacao et de vanille offerte par les Azt\u00e8ques, ont donc d\u00e9cid\u00e9 de rapporter [&hellip;]<\/p>\n","protected":false},"author":1,"featured_media":0,"parent":0,"menu_order":0,"comment_status":"closed","ping_status":"closed","template":"","meta":{"footnotes":""},"class_list":["post-15","page","type-page","status-publish","hentry"],"yoast_head":"<!-- This site is optimized with the Yoast SEO plugin v27.4 - https:\/\/yoast.com\/product\/yoast-seo-wordpress\/ -->\n<title>La vanille Bourbon - Volamena Vanilla<\/title>\n<meta name=\"robots\" content=\"index, follow, max-snippet:-1, max-image-preview:large, max-video-preview:-1\" \/>\n<link rel=\"canonical\" href=\"https:\/\/www.volamenavanilla.fr\/index.php\/la-vanille-bourbon\/\" \/>\n<meta property=\"og:locale\" content=\"fr_FR\" \/>\n<meta property=\"og:type\" content=\"article\" \/>\n<meta property=\"og:title\" content=\"La vanille Bourbon - Volamena Vanilla\" \/>\n<meta property=\"og:description\" content=\"Une origine mexicaine Le vanillier est une liane originaire du Mexique produisant des fleurs de la famille des orchid\u00e9es. Elle fut introduite par les Azt\u00e8ques aux conquistadors espagnols au d\u00e9but du XVI\u00e8 si\u00e8cle. Ces derniers ayant ador\u00e9 la boisson \u00e0 base de cacao et de vanille offerte par les Azt\u00e8ques, ont donc d\u00e9cid\u00e9 de rapporter [&hellip;]\" \/>\n<meta property=\"og:url\" content=\"https:\/\/www.volamenavanilla.fr\/index.php\/la-vanille-bourbon\/\" \/>\n<meta property=\"og:site_name\" content=\"Volamena Vanilla\" \/>\n<meta property=\"article:modified_time\" content=\"2026-03-27T14:24:01+00:00\" \/>\n<meta property=\"og:image\" content=\"https:\/\/www.volamenavanilla.fr\/wp-content\/uploads\/2025\/11\/WhatsApp-Image-2025-11-10-a-13.00.07_c724e511-1.jpg\" \/>\n\t<meta property=\"og:image:width\" content=\"736\" \/>\n\t<meta property=\"og:image:height\" content=\"1154\" \/>\n\t<meta property=\"og:image:type\" content=\"image\/jpeg\" \/>\n<meta name=\"twitter:card\" content=\"summary_large_image\" \/>\n<meta name=\"twitter:label1\" content=\"Dur\u00e9e de lecture estim\u00e9e\" \/>\n\t<meta name=\"twitter:data1\" content=\"2 minutes\" \/>\n<script type=\"application\/ld+json\" class=\"yoast-schema-graph\">{\"@context\":\"https:\\\/\\\/schema.org\",\"@graph\":[{\"@type\":\"WebPage\",\"@id\":\"https:\\\/\\\/www.volamenavanilla.fr\\\/index.php\\\/la-vanille-bourbon\\\/\",\"url\":\"https:\\\/\\\/www.volamenavanilla.fr\\\/index.php\\\/la-vanille-bourbon\\\/\",\"name\":\"La vanille Bourbon - Volamena Vanilla\",\"isPartOf\":{\"@id\":\"https:\\\/\\\/www.volamenavanilla.fr\\\/#website\"},\"primaryImageOfPage\":{\"@id\":\"https:\\\/\\\/www.volamenavanilla.fr\\\/index.php\\\/la-vanille-bourbon\\\/#primaryimage\"},\"image\":{\"@id\":\"https:\\\/\\\/www.volamenavanilla.fr\\\/index.php\\\/la-vanille-bourbon\\\/#primaryimage\"},\"thumbnailUrl\":\"https:\\\/\\\/www.volamenavanilla.fr\\\/wp-content\\\/uploads\\\/2025\\\/11\\\/WhatsApp-Image-2025-11-10-a-13.00.07_c724e511-1.jpg\",\"datePublished\":\"2025-05-18T14:56:51+00:00\",\"dateModified\":\"2026-03-27T14:24:01+00:00\",\"breadcrumb\":{\"@id\":\"https:\\\/\\\/www.volamenavanilla.fr\\\/index.php\\\/la-vanille-bourbon\\\/#breadcrumb\"},\"inLanguage\":\"fr-FR\",\"potentialAction\":[{\"@type\":\"ReadAction\",\"target\":[\"https:\\\/\\\/www.volamenavanilla.fr\\\/index.php\\\/la-vanille-bourbon\\\/\"]}]},{\"@type\":\"ImageObject\",\"inLanguage\":\"fr-FR\",\"@id\":\"https:\\\/\\\/www.volamenavanilla.fr\\\/index.php\\\/la-vanille-bourbon\\\/#primaryimage\",\"url\":\"https:\\\/\\\/www.volamenavanilla.fr\\\/wp-content\\\/uploads\\\/2025\\\/11\\\/WhatsApp-Image-2025-11-10-a-13.00.07_c724e511-1.jpg\",\"contentUrl\":\"https:\\\/\\\/www.volamenavanilla.fr\\\/wp-content\\\/uploads\\\/2025\\\/11\\\/WhatsApp-Image-2025-11-10-a-13.00.07_c724e511-1.jpg\",\"width\":736,\"height\":1154},{\"@type\":\"BreadcrumbList\",\"@id\":\"https:\\\/\\\/www.volamenavanilla.fr\\\/index.php\\\/la-vanille-bourbon\\\/#breadcrumb\",\"itemListElement\":[{\"@type\":\"ListItem\",\"position\":1,\"name\":\"Accueil\",\"item\":\"https:\\\/\\\/www.volamenavanilla.fr\\\/\"},{\"@type\":\"ListItem\",\"position\":2,\"name\":\"La vanille Bourbon\"}]},{\"@type\":\"WebSite\",\"@id\":\"https:\\\/\\\/www.volamenavanilla.fr\\\/#website\",\"url\":\"https:\\\/\\\/www.volamenavanilla.fr\\\/\",\"name\":\"Volamena Vanilla\",\"description\":\"Vanille de Madagascar\",\"publisher\":{\"@id\":\"https:\\\/\\\/www.volamenavanilla.fr\\\/#organization\"},\"potentialAction\":[{\"@type\":\"SearchAction\",\"target\":{\"@type\":\"EntryPoint\",\"urlTemplate\":\"https:\\\/\\\/www.volamenavanilla.fr\\\/?s={search_term_string}\"},\"query-input\":{\"@type\":\"PropertyValueSpecification\",\"valueRequired\":true,\"valueName\":\"search_term_string\"}}],\"inLanguage\":\"fr-FR\"},{\"@type\":\"Organization\",\"@id\":\"https:\\\/\\\/www.volamenavanilla.fr\\\/#organization\",\"name\":\"Volamena Vanilla\",\"url\":\"https:\\\/\\\/www.volamenavanilla.fr\\\/\",\"logo\":{\"@type\":\"ImageObject\",\"inLanguage\":\"fr-FR\",\"@id\":\"https:\\\/\\\/www.volamenavanilla.fr\\\/#\\\/schema\\\/logo\\\/image\\\/\",\"url\":\"https:\\\/\\\/www.volamenavanilla.fr\\\/wp-content\\\/uploads\\\/2025\\\/05\\\/Design-sans-titre-2.png\",\"contentUrl\":\"https:\\\/\\\/www.volamenavanilla.fr\\\/wp-content\\\/uploads\\\/2025\\\/05\\\/Design-sans-titre-2.png\",\"width\":500,\"height\":500,\"caption\":\"Volamena Vanilla\"},\"image\":{\"@id\":\"https:\\\/\\\/www.volamenavanilla.fr\\\/#\\\/schema\\\/logo\\\/image\\\/\"}}]}<\/script>\n<!-- \/ Yoast SEO plugin. -->","yoast_head_json":{"title":"La vanille Bourbon - Volamena Vanilla","robots":{"index":"index","follow":"follow","max-snippet":"max-snippet:-1","max-image-preview":"max-image-preview:large","max-video-preview":"max-video-preview:-1"},"canonical":"https:\/\/www.volamenavanilla.fr\/index.php\/la-vanille-bourbon\/","og_locale":"fr_FR","og_type":"article","og_title":"La vanille Bourbon - Volamena Vanilla","og_description":"Une origine mexicaine Le vanillier est une liane originaire du Mexique produisant des fleurs de la famille des orchid\u00e9es. Elle fut introduite par les Azt\u00e8ques aux conquistadors espagnols au d\u00e9but du XVI\u00e8 si\u00e8cle. Ces derniers ayant ador\u00e9 la boisson \u00e0 base de cacao et de vanille offerte par les Azt\u00e8ques, ont donc d\u00e9cid\u00e9 de rapporter [&hellip;]","og_url":"https:\/\/www.volamenavanilla.fr\/index.php\/la-vanille-bourbon\/","og_site_name":"Volamena Vanilla","article_modified_time":"2026-03-27T14:24:01+00:00","og_image":[{"width":736,"height":1154,"url":"https:\/\/www.volamenavanilla.fr\/wp-content\/uploads\/2025\/11\/WhatsApp-Image-2025-11-10-a-13.00.07_c724e511-1.jpg","type":"image\/jpeg"}],"twitter_card":"summary_large_image","twitter_misc":{"Dur\u00e9e de lecture estim\u00e9e":"2 minutes"},"schema":{"@context":"https:\/\/schema.org","@graph":[{"@type":"WebPage","@id":"https:\/\/www.volamenavanilla.fr\/index.php\/la-vanille-bourbon\/","url":"https:\/\/www.volamenavanilla.fr\/index.php\/la-vanille-bourbon\/","name":"La vanille Bourbon - Volamena Vanilla","isPartOf":{"@id":"https:\/\/www.volamenavanilla.fr\/#website"},"primaryImageOfPage":{"@id":"https:\/\/www.volamenavanilla.fr\/index.php\/la-vanille-bourbon\/#primaryimage"},"image":{"@id":"https:\/\/www.volamenavanilla.fr\/index.php\/la-vanille-bourbon\/#primaryimage"},"thumbnailUrl":"https:\/\/www.volamenavanilla.fr\/wp-content\/uploads\/2025\/11\/WhatsApp-Image-2025-11-10-a-13.00.07_c724e511-1.jpg","datePublished":"2025-05-18T14:56:51+00:00","dateModified":"2026-03-27T14:24:01+00:00","breadcrumb":{"@id":"https:\/\/www.volamenavanilla.fr\/index.php\/la-vanille-bourbon\/#breadcrumb"},"inLanguage":"fr-FR","potentialAction":[{"@type":"ReadAction","target":["https:\/\/www.volamenavanilla.fr\/index.php\/la-vanille-bourbon\/"]}]},{"@type":"ImageObject","inLanguage":"fr-FR","@id":"https:\/\/www.volamenavanilla.fr\/index.php\/la-vanille-bourbon\/#primaryimage","url":"https:\/\/www.volamenavanilla.fr\/wp-content\/uploads\/2025\/11\/WhatsApp-Image-2025-11-10-a-13.00.07_c724e511-1.jpg","contentUrl":"https:\/\/www.volamenavanilla.fr\/wp-content\/uploads\/2025\/11\/WhatsApp-Image-2025-11-10-a-13.00.07_c724e511-1.jpg","width":736,"height":1154},{"@type":"BreadcrumbList","@id":"https:\/\/www.volamenavanilla.fr\/index.php\/la-vanille-bourbon\/#breadcrumb","itemListElement":[{"@type":"ListItem","position":1,"name":"Accueil","item":"https:\/\/www.volamenavanilla.fr\/"},{"@type":"ListItem","position":2,"name":"La vanille Bourbon"}]},{"@type":"WebSite","@id":"https:\/\/www.volamenavanilla.fr\/#website","url":"https:\/\/www.volamenavanilla.fr\/","name":"Volamena Vanilla","description":"Vanille de Madagascar","publisher":{"@id":"https:\/\/www.volamenavanilla.fr\/#organization"},"potentialAction":[{"@type":"SearchAction","target":{"@type":"EntryPoint","urlTemplate":"https:\/\/www.volamenavanilla.fr\/?s={search_term_string}"},"query-input":{"@type":"PropertyValueSpecification","valueRequired":true,"valueName":"search_term_string"}}],"inLanguage":"fr-FR"},{"@type":"Organization","@id":"https:\/\/www.volamenavanilla.fr\/#organization","name":"Volamena Vanilla","url":"https:\/\/www.volamenavanilla.fr\/","logo":{"@type":"ImageObject","inLanguage":"fr-FR","@id":"https:\/\/www.volamenavanilla.fr\/#\/schema\/logo\/image\/","url":"https:\/\/www.volamenavanilla.fr\/wp-content\/uploads\/2025\/05\/Design-sans-titre-2.png","contentUrl":"https:\/\/www.volamenavanilla.fr\/wp-content\/uploads\/2025\/05\/Design-sans-titre-2.png","width":500,"height":500,"caption":"Volamena Vanilla"},"image":{"@id":"https:\/\/www.volamenavanilla.fr\/#\/schema\/logo\/image\/"}}]}},"jetpack_sharing_enabled":true,"amp_enabled":true,"_links":{"self":[{"href":"https:\/\/www.volamenavanilla.fr\/index.php\/wp-json\/wp\/v2\/pages\/15","targetHints":{"allow":["GET"]}}],"collection":[{"href":"https:\/\/www.volamenavanilla.fr\/index.php\/wp-json\/wp\/v2\/pages"}],"about":[{"href":"https:\/\/www.volamenavanilla.fr\/index.php\/wp-json\/wp\/v2\/types\/page"}],"author":[{"embeddable":true,"href":"https:\/\/www.volamenavanilla.fr\/index.php\/wp-json\/wp\/v2\/users\/1"}],"replies":[{"embeddable":true,"href":"https:\/\/www.volamenavanilla.fr\/index.php\/wp-json\/wp\/v2\/comments?post=15"}],"version-history":[{"count":4,"href":"https:\/\/www.volamenavanilla.fr\/index.php\/wp-json\/wp\/v2\/pages\/15\/revisions"}],"predecessor-version":[{"id":369,"href":"https:\/\/www.volamenavanilla.fr\/index.php\/wp-json\/wp\/v2\/pages\/15\/revisions\/369"}],"wp:attachment":[{"href":"https:\/\/www.volamenavanilla.fr\/index.php\/wp-json\/wp\/v2\/media?parent=15"}],"curies":[{"name":"wp","href":"https:\/\/api.w.org\/{rel}","templated":true}]}}